{"id":4484,"date":"2023-04-21T22:36:02","date_gmt":"2023-04-21T20:36:02","guid":{"rendered":"https:\/\/demo.graffnestl.com\/wordpress\/%d0%be%d1%82%d0%bf%d0%b5%d1%87%d0%b0%d1%82%d0%be%d0%ba\/"},"modified":"2023-12-01T08:00:19","modified_gmt":"2023-12-01T07:00:19","slug":"%d0%be%d1%82%d0%bf%d0%b5%d1%87%d0%b0%d1%82%d0%be%d0%ba","status":"publish","type":"page","link":"https:\/\/www.graffnestl.com\/ru\/%d0%be%d1%82%d0%bf%d0%b5%d1%87%d0%b0%d1%82%d0%be%d0%ba\/","title":{"rendered":"\u043e\u0442\u043f\u0435\u0447\u0430\u0442\u043e\u043a"},"content":{"rendered":"<div class=\"wpb-content-wrapper\">[vc_row thb_full_width=&#187;true&#187; thb_row_padding=&#187;true&#187; thb_column_padding=&#187;true&#187;][vc_column][vc_row_inner][vc_column_inner css=&#187;.vc_custom_1698332818407{margin-top: 50px !important;}&#187;][vc_column_text]\r\n<h1 style=\"text-align: center;\">\u043e\u0442\u043f\u0435\u0447\u0430\u0442\u043e\u043a<\/h1>\r\n[\/vc_column_text][vc_empty_space][vc_column_text]\r\n<p><em>Rechtsanwalts-GmbH:<\/em><\/p>\r\n<p>\r\n\r\n<\/p>\r\n<p><strong>GRAFF NESTL &amp; PARTNER Rechtsanw\u00e4lte GmbH &amp; Co KG<\/strong><\/p>\r\n<p>Graben 22 \/ Petersplatz 4, Top 5<br \/>A-1010 Wien\/Vienna<br \/>Telefon <a>+43 (1) 533 66 61-0<\/a><br \/>Fax\u00a0<a>+43 (1) 533 66 61-10<\/a><br \/>E-Mail\u00a0<a href=\"mailto:office@graffnestl.com\">office@graffnestl.com<\/a><br \/><a href=\"https:\/\/www.graffnestl.com\/\">www.graffnestl.com<\/a><br \/>UID-Nr. ATU73262159<br \/>ADVM P130334<br \/>FN 489034v HG Wien<\/p>\r\n<p>&nbsp;<\/p>\r\n<p>\r\n\r\nRechtsanwaltskammer Wien<br \/><a href=\"http:\/\/www.rakwien.at\/\">www.rakwien.at<\/a><br \/>RAO, RL-BA<br \/>einsehbar unter <a href=\"http:\/\/www.oerak.at\/\">www.oerak.at<\/a><\/p>\r\n<p>\r\n\r\nDie Daten auf dieser Website werden ausschlie\u00dflich f\u00fcr Zwecke allgemeiner und unverbindlicher Informationen zur Verf\u00fcgung gestellt. Sie stellen keine anwaltliche Beratung dar und daher wird keine Haftung jeglicher Art \u00fcbernommen.<\/p>\r\n<p>\r\n\r\nS\u00e4mtliche dargestellten Texte, Logos und Bilder genie\u00dfen urheberrechtlichen Schutz.<\/p>\r\n<p>Portraits und Kanzleifotos von Barbara Wenz, <a href=\"https:\/\/www.barbarawenz.com\" target=\"_blank\" rel=\"noopener\">focus &amp; shine media productions OG<\/a><\/p>\r\n<p>\r\n\r\nBilder der Seite <a href=\"https:\/\/www.graffnestl.com\/kooperationen\">Kooperationen<\/a> zur Verf\u00fcgung gestellt von unsplash.com, Fotografen:<br \/>Adam Jang, Augustin Diaz, Alessandro Valenzano, Alexis Tostado, Andreas Selter, Brandon Jacoby, Dimitry Anikin, Emre Gencer, Fererico Beccari, Greta Scholderle Moller, Javier M, Jeshoots_com, John Mark Kuznietsov, Lin Mei, Marius Badstuber, Martin Sattler, Meduana, Piotr Chrobot, Raphael Andres, Roman Logov, Soroushi Karimi, Susan Yin, Uriel Soberanes, Lucas Albuquerque, Florian Wehde<\/p>\r\n<p><\/p>\r\n\r\n<p><!-- \/wp:post-content -->\u00a0<\/p>\r\n[\/vc_column_text][\/vc_column_inner][\/vc_row_inner][\/vc_column][\/vc_row]\r\n<p>&nbsp;<\/p><\/div>","protected":false},"excerpt":{"rendered":"<p>[vc_row thb_full_width=&#187;true&#187; thb_row_padding=&#187;true&#187; thb_column_padding=&#187;true&#187;][vc_column][vc_row_inner][vc_column_inner css=&#187;.vc_custom_1698332818407{margin-top: 50px !important;}&#187;][vc_column_text] \u043e\u0442\u043f\u0435\u0447\u0430\u0442\u043e\u043a [\/vc_column_text][vc_empty_space][vc_column_text] Rechtsanwalts-GmbH: GRAFF NESTL &amp; PARTNER Rechtsanw\u00e4lte GmbH &amp; Co KG Graben 22 \/ Petersplatz 4, Top 5A-1010 Wien\/ViennaTelefon +43 (1) 533 66 61-0Fax\u00a0+43 (1) 533 66 61-10E-Mail\u00a0office@graffnestl.comwww.graffnestl.comUID-Nr. ATU73262159ADVM P130334FN 489034v HG Wien &nbsp; Rechtsanwaltskammer Wienwww.rakwien.atRAO, RL-BAeinsehbar unter www.oerak.at Die Daten auf dieser Website werden ausschlie\u00dflich f\u00fcr&hellip;<\/p>\n","protected":false},"author":3,"featured_media":0,"parent":0,"menu_order":0,"comment_status":"closed","ping_status":"closed","template":"","meta":{"footnotes":""},"class_list":["post-4484","page","type-page","status-publish","hentry"],"yoast_head":"<!-- This site is optimized with the Yoast SEO plugin v26.8 - https:\/\/yoast.com\/product\/yoast-seo-wordpress\/ -->\n<title>\u043e\u0442\u043f\u0435\u0447\u0430\u0442\u043e\u043a - Graff Nestl &amp; Partner | Rechtsanw\u00e4lte<\/title>\n<meta name=\"robots\" content=\"noindex, nofollow\" \/>\n<meta property=\"og:locale\" content=\"ru_RU\" \/>\n<meta property=\"og:type\" content=\"article\" \/>\n<meta property=\"og:title\" content=\"\u043e\u0442\u043f\u0435\u0447\u0430\u0442\u043e\u043a - Graff Nestl &amp; Partner | Rechtsanw\u00e4lte\" \/>\n<meta property=\"og:description\" content=\"[vc_row thb_full_width=&#187;true&#187; thb_row_padding=&#187;true&#187; thb_column_padding=&#187;true&#187;][vc_column][vc_row_inner][vc_column_inner css=&#187;.vc_custom_1698332818407{margin-top: 50px !important;}&#187;][vc_column_text] \u043e\u0442\u043f\u0435\u0447\u0430\u0442\u043e\u043a [\/vc_column_text][vc_empty_space][vc_column_text] Rechtsanwalts-GmbH: GRAFF NESTL &amp; PARTNER Rechtsanw\u00e4lte GmbH &amp; Co KG Graben 22 \/ Petersplatz 4, Top 5A-1010 Wien\/ViennaTelefon +43 (1) 533 66 61-0Fax\u00a0+43 (1) 533 66 61-10E-Mail\u00a0office@graffnestl.comwww.graffnestl.comUID-Nr. ATU73262159ADVM P130334FN 489034v HG Wien &nbsp; Rechtsanwaltskammer Wienwww.rakwien.atRAO, RL-BAeinsehbar unter www.oerak.at Die Daten auf dieser Website werden ausschlie\u00dflich f\u00fcr&hellip;\" \/>\n<meta property=\"og:url\" content=\"https:\/\/www.graffnestl.com\/ru\/%d0%be%d1%82%d0%bf%d0%b5%d1%87%d0%b0%d1%82%d0%be%d0%ba\/\" \/>\n<meta property=\"og:site_name\" content=\"Graff Nestl &amp; Partner | Rechtsanw\u00e4lte\" \/>\n<meta property=\"article:modified_time\" content=\"2023-12-01T07:00:19+00:00\" \/>\n<meta name=\"twitter:card\" content=\"summary_large_image\" \/>\n<meta name=\"twitter:label1\" content=\"\u041f\u0440\u0438\u043c\u0435\u0440\u043d\u043e\u0435 \u0432\u0440\u0435\u043c\u044f \u0434\u043b\u044f \u0447\u0442\u0435\u043d\u0438\u044f\" \/>\n\t<meta name=\"twitter:data1\" content=\"1 \u043c\u0438\u043d\u0443\u0442\u0430\" \/>\n<script type=\"application\/ld+json\" class=\"yoast-schema-graph\">{\"@context\":\"https:\/\/schema.org\",\"@graph\":[{\"@type\":\"WebPage\",\"@id\":\"https:\/\/www.graffnestl.com\/ru\/%d0%be%d1%82%d0%bf%d0%b5%d1%87%d0%b0%d1%82%d0%be%d0%ba\/\",\"url\":\"https:\/\/www.graffnestl.com\/ru\/%d0%be%d1%82%d0%bf%d0%b5%d1%87%d0%b0%d1%82%d0%be%d0%ba\/\",\"name\":\"\u043e\u0442\u043f\u0435\u0447\u0430\u0442\u043e\u043a - Graff Nestl &amp; Partner | Rechtsanw\u00e4lte\",\"isPartOf\":{\"@id\":\"https:\/\/www.graffnestl.com\/ru\/#website\"},\"datePublished\":\"2023-04-21T20:36:02+00:00\",\"dateModified\":\"2023-12-01T07:00:19+00:00\",\"breadcrumb\":{\"@id\":\"https:\/\/www.graffnestl.com\/ru\/%d0%be%d1%82%d0%bf%d0%b5%d1%87%d0%b0%d1%82%d0%be%d0%ba\/#breadcrumb\"},\"inLanguage\":\"ru-RU\",\"potentialAction\":[{\"@type\":\"ReadAction\",\"target\":[\"https:\/\/www.graffnestl.com\/ru\/%d0%be%d1%82%d0%bf%d0%b5%d1%87%d0%b0%d1%82%d0%be%d0%ba\/\"]}]},{\"@type\":\"BreadcrumbList\",\"@id\":\"https:\/\/www.graffnestl.com\/ru\/%d0%be%d1%82%d0%bf%d0%b5%d1%87%d0%b0%d1%82%d0%be%d0%ba\/#breadcrumb\",\"itemListElement\":[{\"@type\":\"ListItem\",\"position\":1,\"name\":\"Startseite\",\"item\":\"https:\/\/www.graffnestl.com\/ru\/home\/\"},{\"@type\":\"ListItem\",\"position\":2,\"name\":\"\u043e\u0442\u043f\u0435\u0447\u0430\u0442\u043e\u043a\"}]},{\"@type\":\"WebSite\",\"@id\":\"https:\/\/www.graffnestl.com\/ru\/#website\",\"url\":\"https:\/\/www.graffnestl.com\/ru\/\",\"name\":\"Graff Nestl &amp; Partner | Rechtsanw\u00e4lte\",\"description\":\"Attorneys at law\",\"potentialAction\":[{\"@type\":\"SearchAction\",\"target\":{\"@type\":\"EntryPoint\",\"urlTemplate\":\"https:\/\/www.graffnestl.com\/ru\/?s={search_term_string}\"},\"query-input\":{\"@type\":\"PropertyValueSpecification\",\"valueRequired\":true,\"valueName\":\"search_term_string\"}}],\"inLanguage\":\"ru-RU\"}]}<\/script>\n<!-- \/ Yoast SEO plugin. -->","yoast_head_json":{"title":"\u043e\u0442\u043f\u0435\u0447\u0430\u0442\u043e\u043a - Graff Nestl &amp; Partner | Rechtsanw\u00e4lte","robots":{"index":"noindex","follow":"nofollow"},"og_locale":"ru_RU","og_type":"article","og_title":"\u043e\u0442\u043f\u0435\u0447\u0430\u0442\u043e\u043a - Graff Nestl &amp; Partner | Rechtsanw\u00e4lte","og_description":"[vc_row thb_full_width=&#187;true&#187; thb_row_padding=&#187;true&#187; thb_column_padding=&#187;true&#187;][vc_column][vc_row_inner][vc_column_inner css=&#187;.vc_custom_1698332818407{margin-top: 50px !important;}&#187;][vc_column_text] \u043e\u0442\u043f\u0435\u0447\u0430\u0442\u043e\u043a [\/vc_column_text][vc_empty_space][vc_column_text] Rechtsanwalts-GmbH: GRAFF NESTL &amp; PARTNER Rechtsanw\u00e4lte GmbH &amp; Co KG Graben 22 \/ Petersplatz 4, Top 5A-1010 Wien\/ViennaTelefon +43 (1) 533 66 61-0Fax\u00a0+43 (1) 533 66 61-10E-Mail\u00a0office@graffnestl.comwww.graffnestl.comUID-Nr. ATU73262159ADVM P130334FN 489034v HG Wien &nbsp; Rechtsanwaltskammer Wienwww.rakwien.atRAO, RL-BAeinsehbar unter www.oerak.at Die Daten auf dieser Website werden ausschlie\u00dflich f\u00fcr&hellip;","og_url":"https:\/\/www.graffnestl.com\/ru\/%d0%be%d1%82%d0%bf%d0%b5%d1%87%d0%b0%d1%82%d0%be%d0%ba\/","og_site_name":"Graff Nestl &amp; Partner | Rechtsanw\u00e4lte","article_modified_time":"2023-12-01T07:00:19+00:00","twitter_card":"summary_large_image","twitter_misc":{"\u041f\u0440\u0438\u043c\u0435\u0440\u043d\u043e\u0435 \u0432\u0440\u0435\u043c\u044f \u0434\u043b\u044f \u0447\u0442\u0435\u043d\u0438\u044f":"1 \u043c\u0438\u043d\u0443\u0442\u0430"},"schema":{"@context":"https:\/\/schema.org","@graph":[{"@type":"WebPage","@id":"https:\/\/www.graffnestl.com\/ru\/%d0%be%d1%82%d0%bf%d0%b5%d1%87%d0%b0%d1%82%d0%be%d0%ba\/","url":"https:\/\/www.graffnestl.com\/ru\/%d0%be%d1%82%d0%bf%d0%b5%d1%87%d0%b0%d1%82%d0%be%d0%ba\/","name":"\u043e\u0442\u043f\u0435\u0447\u0430\u0442\u043e\u043a - Graff Nestl &amp; Partner | Rechtsanw\u00e4lte","isPartOf":{"@id":"https:\/\/www.graffnestl.com\/ru\/#website"},"datePublished":"2023-04-21T20:36:02+00:00","dateModified":"2023-12-01T07:00:19+00:00","breadcrumb":{"@id":"https:\/\/www.graffnestl.com\/ru\/%d0%be%d1%82%d0%bf%d0%b5%d1%87%d0%b0%d1%82%d0%be%d0%ba\/#breadcrumb"},"inLanguage":"ru-RU","potentialAction":[{"@type":"ReadAction","target":["https:\/\/www.graffnestl.com\/ru\/%d0%be%d1%82%d0%bf%d0%b5%d1%87%d0%b0%d1%82%d0%be%d0%ba\/"]}]},{"@type":"BreadcrumbList","@id":"https:\/\/www.graffnestl.com\/ru\/%d0%be%d1%82%d0%bf%d0%b5%d1%87%d0%b0%d1%82%d0%be%d0%ba\/#breadcrumb","itemListElement":[{"@type":"ListItem","position":1,"name":"Startseite","item":"https:\/\/www.graffnestl.com\/ru\/home\/"},{"@type":"ListItem","position":2,"name":"\u043e\u0442\u043f\u0435\u0447\u0430\u0442\u043e\u043a"}]},{"@type":"WebSite","@id":"https:\/\/www.graffnestl.com\/ru\/#website","url":"https:\/\/www.graffnestl.com\/ru\/","name":"Graff Nestl &amp; Partner | Rechtsanw\u00e4lte","description":"Attorneys at law","potentialAction":[{"@type":"SearchAction","target":{"@type":"EntryPoint","urlTemplate":"https:\/\/www.graffnestl.com\/ru\/?s={search_term_string}"},"query-input":{"@type":"PropertyValueSpecification","valueRequired":true,"valueName":"search_term_string"}}],"inLanguage":"ru-RU"}]}},"_links":{"self":[{"href":"https:\/\/www.graffnestl.com\/ru\/wp-json\/wp\/v2\/pages\/4484","targetHints":{"allow":["GET"]}}],"collection":[{"href":"https:\/\/www.graffnestl.com\/ru\/wp-json\/wp\/v2\/pages"}],"about":[{"href":"https:\/\/www.graffnestl.com\/ru\/wp-json\/wp\/v2\/types\/page"}],"author":[{"embeddable":true,"href":"https:\/\/www.graffnestl.com\/ru\/wp-json\/wp\/v2\/users\/3"}],"replies":[{"embeddable":true,"href":"https:\/\/www.graffnestl.com\/ru\/wp-json\/wp\/v2\/comments?post=4484"}],"version-history":[{"count":5,"href":"https:\/\/www.graffnestl.com\/ru\/wp-json\/wp\/v2\/pages\/4484\/revisions"}],"predecessor-version":[{"id":5971,"href":"https:\/\/www.graffnestl.com\/ru\/wp-json\/wp\/v2\/pages\/4484\/revisions\/5971"}],"wp:attachment":[{"href":"https:\/\/www.graffnestl.com\/ru\/wp-json\/wp\/v2\/media?parent=4484"}],"curies":[{"name":"wp","href":"https:\/\/api.w.org\/{rel}","templated":true}]}}