{"id":4241,"date":"2023-04-21T22:36:02","date_gmt":"2023-04-21T20:36:02","guid":{"rendered":"https:\/\/demo.graffnestl.com\/wordpress\/imprint\/"},"modified":"2023-12-01T07:59:47","modified_gmt":"2023-12-01T06:59:47","slug":"imprint","status":"publish","type":"page","link":"https:\/\/www.graffnestl.com\/en\/imprint\/","title":{"rendered":"Imprint"},"content":{"rendered":"<div class=\"wpb-content-wrapper\">[vc_row thb_full_width=&#8221;true&#8221; thb_row_padding=&#8221;true&#8221; thb_column_padding=&#8221;true&#8221;][vc_column][vc_row_inner][vc_column_inner css=&#8221;.vc_custom_1698332818407{margin-top: 50px !important;}&#8221;][vc_column_text]\r\n<h1 style=\"text-align: center;\">Imprint<\/h1>\r\n[\/vc_column_text][vc_empty_space][vc_column_text]\r\n<p><em>Rechtsanwalts-GmbH:<\/em><\/p>\r\n<p>\r\n\r\n<\/p>\r\n<p><strong>GRAFF NESTL &amp; PARTNER Rechtsanw\u00e4lte GmbH &amp; Co KG<\/strong><\/p>\r\n<p>Graben 22 \/ Petersplatz 4, Top 5<br \/>A-1010 Wien\/Vienna<br \/>Telefon <a>+43 (1) 533 66 61-0<\/a><br \/>Fax\u00a0<a>+43 (1) 533 66 61-10<\/a><br \/>E-Mail\u00a0<a href=\"mailto:office@graffnestl.com\">office@graffnestl.com<\/a><br \/><a href=\"https:\/\/www.graffnestl.com\/\">www.graffnestl.com<\/a><br \/>UID-Nr. ATU73262159<br \/>ADVM P130334<br \/>FN 489034v HG Wien<\/p>\r\n<p>&nbsp;<\/p>\r\n<p>\r\n\r\nRechtsanwaltskammer Wien<br \/><a href=\"http:\/\/www.rakwien.at\/\">www.rakwien.at<\/a><br \/>RAO, RL-BA<br \/>einsehbar unter <a href=\"http:\/\/www.oerak.at\/\">www.oerak.at<\/a><\/p>\r\n<p>\r\n\r\nDie Daten auf dieser Website werden ausschlie\u00dflich f\u00fcr Zwecke allgemeiner und unverbindlicher Informationen zur Verf\u00fcgung gestellt. Sie stellen keine anwaltliche Beratung dar und daher wird keine Haftung jeglicher Art \u00fcbernommen.<\/p>\r\n<p>\r\n\r\nS\u00e4mtliche dargestellten Texte, Logos und Bilder genie\u00dfen urheberrechtlichen Schutz.<\/p>\r\n<p>Portraits und Kanzleifotos von Barbara Wenz, <a href=\"https:\/\/www.barbarawenz.com\" target=\"_blank\" rel=\"noopener\">focus &amp; shine media productions OG<\/a><\/p>\r\n<p>\r\n\r\nBilder der Seite <a href=\"https:\/\/www.graffnestl.com\/kooperationen\">Kooperationen<\/a> zur Verf\u00fcgung gestellt von unsplash.com, Fotografen:<br \/>Adam Jang, Augustin Diaz, Alessandro Valenzano, Alexis Tostado, Andreas Selter, Brandon Jacoby, Dimitry Anikin, Emre Gencer, Fererico Beccari, Greta Scholderle Moller, Javier M, Jeshoots_com, John Mark Kuznietsov, Lin Mei, Marius Badstuber, Martin Sattler, Meduana, Piotr Chrobot, Raphael Andres, Roman Logov, Soroushi Karimi, Susan Yin, Uriel Soberanes, Lucas Albuquerque, Florian Wehde<\/p>\r\n<p><\/p>\r\n\r\n<p><!-- \/wp:post-content -->\u00a0<\/p>\r\n[\/vc_column_text][\/vc_column_inner][\/vc_row_inner][\/vc_column][\/vc_row]<\/div>","protected":false},"excerpt":{"rendered":"<p>[vc_row thb_full_width=&#8221;true&#8221; thb_row_padding=&#8221;true&#8221; thb_column_padding=&#8221;true&#8221;][vc_column][vc_row_inner][vc_column_inner css=&#8221;.vc_custom_1698332818407{margin-top: 50px !important;}&#8221;][vc_column_text] Imprint [\/vc_column_text][vc_empty_space][vc_column_text] Rechtsanwalts-GmbH: GRAFF NESTL &amp; PARTNER Rechtsanw\u00e4lte GmbH &amp; Co KG Graben 22 \/ Petersplatz 4, Top 5A-1010 Wien\/ViennaTelefon +43 (1) 533 66 61-0Fax\u00a0+43 (1) 533 66 61-10E-Mail\u00a0office@graffnestl.comwww.graffnestl.comUID-Nr. ATU73262159ADVM P130334FN 489034v HG Wien &nbsp; Rechtsanwaltskammer Wienwww.rakwien.atRAO, RL-BAeinsehbar unter www.oerak.at Die Daten auf dieser Website werden ausschlie\u00dflich f\u00fcr&hellip;<\/p>\n","protected":false},"author":3,"featured_media":0,"parent":0,"menu_order":0,"comment_status":"closed","ping_status":"closed","template":"","meta":{"footnotes":""},"class_list":["post-4241","page","type-page","status-publish","hentry"],"yoast_head":"<!-- This site is optimized with the Yoast SEO plugin v26.8 - https:\/\/yoast.com\/product\/yoast-seo-wordpress\/ -->\n<title>Imprint - Graff Nestl &amp; Partner | Rechtsanw\u00e4lte<\/title>\n<meta name=\"robots\" content=\"noindex, nofollow\" \/>\n<meta property=\"og:locale\" content=\"en_US\" \/>\n<meta property=\"og:type\" content=\"article\" \/>\n<meta property=\"og:title\" content=\"Imprint - Graff Nestl &amp; Partner | Rechtsanw\u00e4lte\" \/>\n<meta property=\"og:description\" content=\"[vc_row thb_full_width=&#8221;true&#8221; thb_row_padding=&#8221;true&#8221; thb_column_padding=&#8221;true&#8221;][vc_column][vc_row_inner][vc_column_inner css=&#8221;.vc_custom_1698332818407{margin-top: 50px !important;}&#8221;][vc_column_text] Imprint [\/vc_column_text][vc_empty_space][vc_column_text] Rechtsanwalts-GmbH: GRAFF NESTL &amp; PARTNER Rechtsanw\u00e4lte GmbH &amp; Co KG Graben 22 \/ Petersplatz 4, Top 5A-1010 Wien\/ViennaTelefon +43 (1) 533 66 61-0Fax\u00a0+43 (1) 533 66 61-10E-Mail\u00a0office@graffnestl.comwww.graffnestl.comUID-Nr. ATU73262159ADVM P130334FN 489034v HG Wien &nbsp; Rechtsanwaltskammer Wienwww.rakwien.atRAO, RL-BAeinsehbar unter www.oerak.at Die Daten auf dieser Website werden ausschlie\u00dflich f\u00fcr&hellip;\" \/>\n<meta property=\"og:url\" content=\"https:\/\/www.graffnestl.com\/en\/imprint\/\" \/>\n<meta property=\"og:site_name\" content=\"Graff Nestl &amp; Partner | Rechtsanw\u00e4lte\" \/>\n<meta property=\"article:modified_time\" content=\"2023-12-01T06:59:47+00:00\" \/>\n<meta name=\"twitter:card\" content=\"summary_large_image\" \/>\n<meta name=\"twitter:label1\" content=\"Est. reading time\" \/>\n\t<meta name=\"twitter:data1\" content=\"1 minute\" \/>\n<script type=\"application\/ld+json\" class=\"yoast-schema-graph\">{\"@context\":\"https:\/\/schema.org\",\"@graph\":[{\"@type\":\"WebPage\",\"@id\":\"https:\/\/www.graffnestl.com\/en\/imprint\/\",\"url\":\"https:\/\/www.graffnestl.com\/en\/imprint\/\",\"name\":\"Imprint - Graff Nestl &amp; Partner | Rechtsanw\u00e4lte\",\"isPartOf\":{\"@id\":\"https:\/\/www.graffnestl.com\/en\/#website\"},\"datePublished\":\"2023-04-21T20:36:02+00:00\",\"dateModified\":\"2023-12-01T06:59:47+00:00\",\"breadcrumb\":{\"@id\":\"https:\/\/www.graffnestl.com\/en\/imprint\/#breadcrumb\"},\"inLanguage\":\"en-US\",\"potentialAction\":[{\"@type\":\"ReadAction\",\"target\":[\"https:\/\/www.graffnestl.com\/en\/imprint\/\"]}]},{\"@type\":\"BreadcrumbList\",\"@id\":\"https:\/\/www.graffnestl.com\/en\/imprint\/#breadcrumb\",\"itemListElement\":[{\"@type\":\"ListItem\",\"position\":1,\"name\":\"Startseite\",\"item\":\"https:\/\/www.graffnestl.com\/en\/\"},{\"@type\":\"ListItem\",\"position\":2,\"name\":\"Imprint\"}]},{\"@type\":\"WebSite\",\"@id\":\"https:\/\/www.graffnestl.com\/en\/#website\",\"url\":\"https:\/\/www.graffnestl.com\/en\/\",\"name\":\"Graff Nestl &amp; Partner | Rechtsanw\u00e4lte\",\"description\":\"Attorneys at law\",\"potentialAction\":[{\"@type\":\"SearchAction\",\"target\":{\"@type\":\"EntryPoint\",\"urlTemplate\":\"https:\/\/www.graffnestl.com\/en\/?s={search_term_string}\"},\"query-input\":{\"@type\":\"PropertyValueSpecification\",\"valueRequired\":true,\"valueName\":\"search_term_string\"}}],\"inLanguage\":\"en-US\"}]}<\/script>\n<!-- \/ Yoast SEO plugin. -->","yoast_head_json":{"title":"Imprint - Graff Nestl &amp; Partner | Rechtsanw\u00e4lte","robots":{"index":"noindex","follow":"nofollow"},"og_locale":"en_US","og_type":"article","og_title":"Imprint - Graff Nestl &amp; Partner | Rechtsanw\u00e4lte","og_description":"[vc_row thb_full_width=&#8221;true&#8221; thb_row_padding=&#8221;true&#8221; thb_column_padding=&#8221;true&#8221;][vc_column][vc_row_inner][vc_column_inner css=&#8221;.vc_custom_1698332818407{margin-top: 50px !important;}&#8221;][vc_column_text] Imprint [\/vc_column_text][vc_empty_space][vc_column_text] Rechtsanwalts-GmbH: GRAFF NESTL &amp; PARTNER Rechtsanw\u00e4lte GmbH &amp; Co KG Graben 22 \/ Petersplatz 4, Top 5A-1010 Wien\/ViennaTelefon +43 (1) 533 66 61-0Fax\u00a0+43 (1) 533 66 61-10E-Mail\u00a0office@graffnestl.comwww.graffnestl.comUID-Nr. ATU73262159ADVM P130334FN 489034v HG Wien &nbsp; Rechtsanwaltskammer Wienwww.rakwien.atRAO, RL-BAeinsehbar unter www.oerak.at Die Daten auf dieser Website werden ausschlie\u00dflich f\u00fcr&hellip;","og_url":"https:\/\/www.graffnestl.com\/en\/imprint\/","og_site_name":"Graff Nestl &amp; Partner | Rechtsanw\u00e4lte","article_modified_time":"2023-12-01T06:59:47+00:00","twitter_card":"summary_large_image","twitter_misc":{"Est. reading time":"1 minute"},"schema":{"@context":"https:\/\/schema.org","@graph":[{"@type":"WebPage","@id":"https:\/\/www.graffnestl.com\/en\/imprint\/","url":"https:\/\/www.graffnestl.com\/en\/imprint\/","name":"Imprint - Graff Nestl &amp; Partner | Rechtsanw\u00e4lte","isPartOf":{"@id":"https:\/\/www.graffnestl.com\/en\/#website"},"datePublished":"2023-04-21T20:36:02+00:00","dateModified":"2023-12-01T06:59:47+00:00","breadcrumb":{"@id":"https:\/\/www.graffnestl.com\/en\/imprint\/#breadcrumb"},"inLanguage":"en-US","potentialAction":[{"@type":"ReadAction","target":["https:\/\/www.graffnestl.com\/en\/imprint\/"]}]},{"@type":"BreadcrumbList","@id":"https:\/\/www.graffnestl.com\/en\/imprint\/#breadcrumb","itemListElement":[{"@type":"ListItem","position":1,"name":"Startseite","item":"https:\/\/www.graffnestl.com\/en\/"},{"@type":"ListItem","position":2,"name":"Imprint"}]},{"@type":"WebSite","@id":"https:\/\/www.graffnestl.com\/en\/#website","url":"https:\/\/www.graffnestl.com\/en\/","name":"Graff Nestl &amp; Partner | Rechtsanw\u00e4lte","description":"Attorneys at law","potentialAction":[{"@type":"SearchAction","target":{"@type":"EntryPoint","urlTemplate":"https:\/\/www.graffnestl.com\/en\/?s={search_term_string}"},"query-input":{"@type":"PropertyValueSpecification","valueRequired":true,"valueName":"search_term_string"}}],"inLanguage":"en-US"}]}},"_links":{"self":[{"href":"https:\/\/www.graffnestl.com\/en\/wp-json\/wp\/v2\/pages\/4241","targetHints":{"allow":["GET"]}}],"collection":[{"href":"https:\/\/www.graffnestl.com\/en\/wp-json\/wp\/v2\/pages"}],"about":[{"href":"https:\/\/www.graffnestl.com\/en\/wp-json\/wp\/v2\/types\/page"}],"author":[{"embeddable":true,"href":"https:\/\/www.graffnestl.com\/en\/wp-json\/wp\/v2\/users\/3"}],"replies":[{"embeddable":true,"href":"https:\/\/www.graffnestl.com\/en\/wp-json\/wp\/v2\/comments?post=4241"}],"version-history":[{"count":9,"href":"https:\/\/www.graffnestl.com\/en\/wp-json\/wp\/v2\/pages\/4241\/revisions"}],"predecessor-version":[{"id":5965,"href":"https:\/\/www.graffnestl.com\/en\/wp-json\/wp\/v2\/pages\/4241\/revisions\/5965"}],"wp:attachment":[{"href":"https:\/\/www.graffnestl.com\/en\/wp-json\/wp\/v2\/media?parent=4241"}],"curies":[{"name":"wp","href":"https:\/\/api.w.org\/{rel}","templated":true}]}}